{"id":32089,"date":"2026-03-08T08:01:22","date_gmt":"2026-03-08T07:01:22","guid":{"rendered":"https:\/\/wallacehume.com\/shop\/ferrari-rot-armband\/"},"modified":"2026-03-08T08:01:22","modified_gmt":"2026-03-08T07:01:22","slug":"ferrari-rot-armband","status":"publish","type":"product","link":"https:\/\/wallacehume.com\/de\/shop\/ferrari-rot-armband\/","title":{"rendered":"Ferrari Rot | Armband"},"content":{"rendered":"[vc_column width=&#8221;1\/2&#8243;][vc_column_text]\r\n<h4>Armband Spezifikationen<\/h4>\r\n<ul>\r\n \t<li>Ferrari Red Perlon-Armband<\/li>\r\n \t<li>Edelstahl-Dornschlie\u00dfe<\/li>\r\n \t<li>20 mm Breite<\/li>\r\n \t<li>250 mm L\u00e4nge<\/li>\r\n<\/ul>\r\n[\/vc_column_text][\/vc_column][vc_column width=&#8221;1\/2&#8243;][vc_column_text]\r\n<h4>Shipping &amp; Returns<\/h4>\r\n<ul>\r\n \t<li>West-Europe: 1 &#8211; 3 days<\/li>\r\n \t<li>Rest of Europe: 3 &#8211; 5 days<\/li>\r\n \t<li>Other countries: 3 &#8211; 9 days<\/li>\r\n \t<li><span style=\"text-decoration: underline;\"><a href=\"http:\/\/35.204.191.242\/shipment-policy\/\">Free Shipping<\/a><\/span><\/li>\r\n \t<li><a href=\"http:\/\/35.204.191.242\/return-policy\/\"><span style=\"text-decoration: underline;\">Free Returns on all Purchases<\/span><\/a><\/li>\r\n<\/ul>\r\n[\/vc_column_text][\/vc_column]\n<h3>About Ferrari Red<\/h3>\n<p>Bold Ferrari red makes a confident statement \u2014 for those who want their accessories to stand out.<\/p>\n\n<h3>About Our Perlon-Armbands<\/h3>\n<p>Woven from premium braided nylon, Wallace Hume Perlon-Armbands are lightweight, breathable, and built to last. The unique weave pattern allows airflow against your skin, making them perfekt f\u00fcr warmes Wetter and active lifestyles. Each strap features a polished Edelstahl-Dornschlie\u00dfe and fits any standard 20mm watch lug.<\/p>\n<h3>Specifications<\/h3>\n<ul>\n<li><strong>Width:<\/strong> 20mm<\/li>\n<li><strong>Material:<\/strong> Braided perlon nylon<\/li>\n<li><strong>Buckle:<\/strong> Polished 316L stainless steel<\/li>\n<li><strong>Length:<\/strong> Adjustable, fits wrists 15-21cm<\/li>\n<li><strong>Weight:<\/strong> 5g<\/li>\n<\/ul>\n<h3>Easy to Swap<\/h3>\n<p>All Wallace Hume straps use a Schnellwechsel-Federsteg-System. Switch between colors in seconds without any tools. Build your collection and match your strap to your outfit, mood, or occasion.<\/p>\n<h3>Versand &#038; R\u00fcckgabe<\/h3>\n<p>Kostenloser weltweiter Versand f\u00fcr alle Bestellungen. Your watch arrives in our signature gift box, ready to wear or gift. Not completely satisfied? Return within 30 days for a full refund.<\/p><div class=\"schema-faq wp-block-yoast-faq-block\"><div class=\"schema-faq-section\" id=\"faq-f7ea6b62\"><strong class=\"schema-faq-question faq-q-open\">Was ist ein Perlon-Uhrenarmband?<\/strong><p class=\"schema-faq-answer\">Ein Perlon-Armband ist ein gewebtes Nylon-Uhrenband, das f\u00fcr seine Atmungsaktivit\u00e4t, sein leichtes Tragekomfort und seine stufenlose Verstellbarkeit bekannt ist. Urspr\u00fcnglich in Deutschland entwickelt, sind Perlon-Armb\u00e4nder perfekt f\u00fcr warmes Wetter und einen aktiven Lebensstil.<\/p><\/div><div class=\"schema-faq-section\" id=\"faq-8be126eb\"><strong class=\"schema-faq-question faq-q-open\">Welche Breite haben Wallace Hume Perlon-Armb\u00e4nder?<\/strong><p class=\"schema-faq-answer\">Alle Wallace Hume Perlon-Armb\u00e4nder sind 20 mm breit und 250 mm lang und passen perfekt zu allen Wallace Hume Uhren. Sie passen auch an jede andere Uhr mit standardm\u00e4\u00dfiger 20-mm-Stegbreite.<\/p><\/div><div class=\"schema-faq-section\" id=\"faq-6312b2cf\"><strong class=\"schema-faq-question faq-q-open\">Wie pflege ich mein Perlon-Armband?<\/strong><p class=\"schema-faq-answer\">Perlon-Armb\u00e4nder sind pflegeleicht. Sp\u00fclen Sie es einfach nach Kontakt mit Schwei\u00df oder Salzwasser mit Wasser ab. F\u00fcr eine gr\u00fcndlichere Reinigung waschen Sie es von Hand mit milder Seife und lassen Sie es an der Luft trocknen.<\/p><\/div><\/div>","protected":false},"excerpt":{"rendered":"<p>This strap embodies our favorite automobile. Looking sharp and classy. Ready for take off, Wallace Hume.<\/p>\n<p>&nbsp;<\/p>\n<p>\u2713 Free worldwide shipping<br \/>\n\u2713 Free returns on all purchases<br \/>\n\u2713 24 month warranty<\/p>\n","protected":false},"featured_media":2385,"template":"","meta":[],"product_brand":[],"product_cat":[95,8],"product_tag":[],"class_list":{"0":"post-32089","1":"product","2":"type-product","3":"status-publish","4":"has-post-thumbnail","6":"product_cat-perlon-armbander-de","7":"product_cat-straps","9":"first","10":"outofstock","11":"taxable","12":"shipping-taxable","13":"purchasable","14":"product-type-simple"},"yoast_head":"<!-- This site is optimized with the Yoast SEO plugin v24.6 - https:\/\/yoast.com\/wordpress\/plugins\/seo\/ -->\n<title>Ferrari Rot | Armband - Wallace Hume<\/title>\n<meta name=\"description\" content=\"Ferrari Red perlon Uhr Armband by Wallace Hume. Bold and sporty. Easily interchangeable and fits all Wallace Hume Uhres. Only \u20ac24.95.\" \/>\n<meta name=\"robots\" content=\"index, follow, max-snippet:-1, max-image-preview:large, max-video-preview:-1\" \/>\n<link rel=\"canonical\" href=\"https:\/\/wallacehume.com\/de\/shop\/ferrari-rot-armband\/\" \/>\n<meta property=\"og:locale\" content=\"de_DE\" \/>\n<meta property=\"og:type\" content=\"article\" \/>\n<meta property=\"og:title\" content=\"Ferrari Rot | Armband - Wallace Hume\" \/>\n<meta property=\"og:description\" content=\"Ferrari Red perlon Uhr Armband by Wallace Hume. Bold and sporty. Easily interchangeable and fits all Wallace Hume Uhres. Only \u20ac24.95.\" \/>\n<meta property=\"og:url\" content=\"https:\/\/wallacehume.com\/de\/shop\/ferrari-rot-armband\/\" \/>\n<meta property=\"og:site_name\" content=\"Wallace Hume\" \/>\n<meta property=\"article:publisher\" content=\"https:\/\/www.facebook.com\/wallacehume\" \/>\n<meta property=\"og:image\" content=\"https:\/\/wallacehume.com\/wp-content\/uploads\/2017\/08\/ferarri-red-jpg.jpg\" \/>\n\t<meta property=\"og:image:width\" content=\"700\" \/>\n\t<meta property=\"og:image:height\" content=\"800\" \/>\n\t<meta property=\"og:image:type\" content=\"image\/jpeg\" \/>\n<meta name=\"twitter:card\" content=\"summary_large_image\" \/>\n<meta name=\"twitter:site\" content=\"@wallacehume\" \/>\n<meta name=\"twitter:label1\" content=\"Est. reading time\" \/>\n\t<meta name=\"twitter:data1\" content=\"2 minutes\" \/>\n<script type=\"application\/ld+json\" class=\"yoast-schema-graph\">{\"@context\":\"https:\/\/schema.org\",\"@graph\":[{\"@type\":[\"WebPage\",\"FAQPage\"],\"@id\":\"https:\/\/wallacehume.com\/de\/shop\/ferrari-rot-armband\/\",\"url\":\"https:\/\/wallacehume.com\/de\/shop\/ferrari-rot-armband\/\",\"name\":\"Ferrari Rot | Armband - Wallace Hume\",\"isPartOf\":{\"@id\":\"https:\/\/wallacehume.com\/#website\"},\"primaryImageOfPage\":{\"@id\":\"https:\/\/wallacehume.com\/de\/shop\/ferrari-rot-armband\/#primaryimage\"},\"image\":{\"@id\":\"https:\/\/wallacehume.com\/de\/shop\/ferrari-rot-armband\/#primaryimage\"},\"thumbnailUrl\":\"https:\/\/wallacehume.com\/wp-content\/uploads\/2017\/08\/ferarri-red-jpg.jpg\",\"datePublished\":\"2026-03-08T07:01:22+00:00\",\"description\":\"Ferrari Red perlon Uhr Armband by Wallace Hume. Bold and sporty. Easily interchangeable and fits all Wallace Hume Uhres. Only \u20ac24.95.\",\"breadcrumb\":{\"@id\":\"https:\/\/wallacehume.com\/de\/shop\/ferrari-rot-armband\/#breadcrumb\"},\"mainEntity\":[{\"@id\":\"https:\/\/wallacehume.com\/de\/shop\/ferrari-rot-armband\/#faq-f7ea6b62\"},{\"@id\":\"https:\/\/wallacehume.com\/de\/shop\/ferrari-rot-armband\/#faq-8be126eb\"},{\"@id\":\"https:\/\/wallacehume.com\/de\/shop\/ferrari-rot-armband\/#faq-6312b2cf\"}],\"inLanguage\":\"de-DE\",\"potentialAction\":[{\"@type\":\"ReadAction\",\"target\":[\"https:\/\/wallacehume.com\/de\/shop\/ferrari-rot-armband\/\"]}]},{\"@type\":\"ImageObject\",\"inLanguage\":\"de-DE\",\"@id\":\"https:\/\/wallacehume.com\/de\/shop\/ferrari-rot-armband\/#primaryimage\",\"url\":\"https:\/\/wallacehume.com\/wp-content\/uploads\/2017\/08\/ferarri-red-jpg.jpg\",\"contentUrl\":\"https:\/\/wallacehume.com\/wp-content\/uploads\/2017\/08\/ferarri-red-jpg.jpg\",\"width\":700,\"height\":800,\"caption\":\"Ferrari Red | Strap - Wallace Hume Watch\"},{\"@type\":\"BreadcrumbList\",\"@id\":\"https:\/\/wallacehume.com\/de\/shop\/ferrari-rot-armband\/#breadcrumb\",\"itemListElement\":[{\"@type\":\"ListItem\",\"position\":1,\"name\":\"Home\",\"item\":\"https:\/\/wallacehume.com\/de\/die-freude-am-leben\/\"},{\"@type\":\"ListItem\",\"position\":2,\"name\":\"Shop\",\"item\":\"https:\/\/wallacehume.com\/de\/shop\/\"},{\"@type\":\"ListItem\",\"position\":3,\"name\":\"Ferrari Rot | Armband\"}]},{\"@type\":\"WebSite\",\"@id\":\"https:\/\/wallacehume.com\/#website\",\"url\":\"https:\/\/wallacehume.com\/\",\"name\":\"Wallace Hume\",\"description\":\"The Enjoyment of Life\",\"potentialAction\":[{\"@type\":\"SearchAction\",\"target\":{\"@type\":\"EntryPoint\",\"urlTemplate\":\"https:\/\/wallacehume.com\/?s={search_term_string}\"},\"query-input\":{\"@type\":\"PropertyValueSpecification\",\"valueRequired\":true,\"valueName\":\"search_term_string\"}}],\"inLanguage\":\"de-DE\"},{\"@type\":\"Question\",\"@id\":\"https:\/\/wallacehume.com\/de\/shop\/ferrari-rot-armband\/#faq-f7ea6b62\",\"position\":1,\"url\":\"https:\/\/wallacehume.com\/de\/shop\/ferrari-rot-armband\/#faq-f7ea6b62\",\"name\":\"Was ist ein Perlon-Uhrenarmband?\",\"answerCount\":1,\"acceptedAnswer\":{\"@type\":\"Answer\",\"text\":\"Ein Perlon-Armband ist ein gewebtes Nylon-Uhrenband, das f\u00fcr seine Atmungsaktivit\u00e4t, sein leichtes Tragekomfort und seine stufenlose Verstellbarkeit bekannt ist. Urspr\u00fcnglich in Deutschland entwickelt, sind Perlon-Armb\u00e4nder perfekt f\u00fcr warmes Wetter und einen aktiven Lebensstil.\",\"inLanguage\":\"de-DE\"},\"inLanguage\":\"de-DE\"},{\"@type\":\"Question\",\"@id\":\"https:\/\/wallacehume.com\/de\/shop\/ferrari-rot-armband\/#faq-8be126eb\",\"position\":2,\"url\":\"https:\/\/wallacehume.com\/de\/shop\/ferrari-rot-armband\/#faq-8be126eb\",\"name\":\"Welche Breite haben Wallace Hume Perlon-Armb\u00e4nder?\",\"answerCount\":1,\"acceptedAnswer\":{\"@type\":\"Answer\",\"text\":\"Alle Wallace Hume Perlon-Armb\u00e4nder sind 20 mm breit und 250 mm lang und passen perfekt zu allen Wallace Hume Uhren. Sie passen auch an jede andere Uhr mit standardm\u00e4\u00dfiger 20-mm-Stegbreite.\",\"inLanguage\":\"de-DE\"},\"inLanguage\":\"de-DE\"},{\"@type\":\"Question\",\"@id\":\"https:\/\/wallacehume.com\/de\/shop\/ferrari-rot-armband\/#faq-6312b2cf\",\"position\":3,\"url\":\"https:\/\/wallacehume.com\/de\/shop\/ferrari-rot-armband\/#faq-6312b2cf\",\"name\":\"Wie pflege ich mein Perlon-Armband?\",\"answerCount\":1,\"acceptedAnswer\":{\"@type\":\"Answer\",\"text\":\"Perlon-Armb\u00e4nder sind pflegeleicht. Sp\u00fclen Sie es einfach nach Kontakt mit Schwei\u00df oder Salzwasser mit Wasser ab. F\u00fcr eine gr\u00fcndlichere Reinigung waschen Sie es von Hand mit milder Seife und lassen Sie es an der Luft trocknen.\",\"inLanguage\":\"de-DE\"},\"inLanguage\":\"de-DE\"}]}<\/script>\n<!-- \/ Yoast SEO plugin. -->","yoast_head_json":{"title":"Ferrari Rot | Armband - Wallace Hume","description":"Ferrari Red perlon Uhr Armband by Wallace Hume. Bold and sporty. Easily interchangeable and fits all Wallace Hume Uhres. Only \u20ac24.95.","robots":{"index":"index","follow":"follow","max-snippet":"max-snippet:-1","max-image-preview":"max-image-preview:large","max-video-preview":"max-video-preview:-1"},"canonical":"https:\/\/wallacehume.com\/de\/shop\/ferrari-rot-armband\/","og_locale":"de_DE","og_type":"article","og_title":"Ferrari Rot | Armband - Wallace Hume","og_description":"Ferrari Red perlon Uhr Armband by Wallace Hume. Bold and sporty. Easily interchangeable and fits all Wallace Hume Uhres. Only \u20ac24.95.","og_url":"https:\/\/wallacehume.com\/de\/shop\/ferrari-rot-armband\/","og_site_name":"Wallace Hume","article_publisher":"https:\/\/www.facebook.com\/wallacehume","og_image":[{"width":700,"height":800,"url":"https:\/\/wallacehume.com\/wp-content\/uploads\/2017\/08\/ferarri-red-jpg.jpg","type":"image\/jpeg"}],"twitter_card":"summary_large_image","twitter_site":"@wallacehume","twitter_misc":{"Est. reading time":"2 minutes"},"schema":{"@context":"https:\/\/schema.org","@graph":[{"@type":["WebPage","FAQPage"],"@id":"https:\/\/wallacehume.com\/de\/shop\/ferrari-rot-armband\/","url":"https:\/\/wallacehume.com\/de\/shop\/ferrari-rot-armband\/","name":"Ferrari Rot | Armband - Wallace Hume","isPartOf":{"@id":"https:\/\/wallacehume.com\/#website"},"primaryImageOfPage":{"@id":"https:\/\/wallacehume.com\/de\/shop\/ferrari-rot-armband\/#primaryimage"},"image":{"@id":"https:\/\/wallacehume.com\/de\/shop\/ferrari-rot-armband\/#primaryimage"},"thumbnailUrl":"https:\/\/wallacehume.com\/wp-content\/uploads\/2017\/08\/ferarri-red-jpg.jpg","datePublished":"2026-03-08T07:01:22+00:00","description":"Ferrari Red perlon Uhr Armband by Wallace Hume. Bold and sporty. Easily interchangeable and fits all Wallace Hume Uhres. Only \u20ac24.95.","breadcrumb":{"@id":"https:\/\/wallacehume.com\/de\/shop\/ferrari-rot-armband\/#breadcrumb"},"mainEntity":[{"@id":"https:\/\/wallacehume.com\/de\/shop\/ferrari-rot-armband\/#faq-f7ea6b62"},{"@id":"https:\/\/wallacehume.com\/de\/shop\/ferrari-rot-armband\/#faq-8be126eb"},{"@id":"https:\/\/wallacehume.com\/de\/shop\/ferrari-rot-armband\/#faq-6312b2cf"}],"inLanguage":"de-DE","potentialAction":[{"@type":"ReadAction","target":["https:\/\/wallacehume.com\/de\/shop\/ferrari-rot-armband\/"]}]},{"@type":"ImageObject","inLanguage":"de-DE","@id":"https:\/\/wallacehume.com\/de\/shop\/ferrari-rot-armband\/#primaryimage","url":"https:\/\/wallacehume.com\/wp-content\/uploads\/2017\/08\/ferarri-red-jpg.jpg","contentUrl":"https:\/\/wallacehume.com\/wp-content\/uploads\/2017\/08\/ferarri-red-jpg.jpg","width":700,"height":800,"caption":"Ferrari Red | Strap - Wallace Hume Watch"},{"@type":"BreadcrumbList","@id":"https:\/\/wallacehume.com\/de\/shop\/ferrari-rot-armband\/#breadcrumb","itemListElement":[{"@type":"ListItem","position":1,"name":"Home","item":"https:\/\/wallacehume.com\/de\/die-freude-am-leben\/"},{"@type":"ListItem","position":2,"name":"Shop","item":"https:\/\/wallacehume.com\/de\/shop\/"},{"@type":"ListItem","position":3,"name":"Ferrari Rot | Armband"}]},{"@type":"WebSite","@id":"https:\/\/wallacehume.com\/#website","url":"https:\/\/wallacehume.com\/","name":"Wallace Hume","description":"The Enjoyment of Life","potentialAction":[{"@type":"SearchAction","target":{"@type":"EntryPoint","urlTemplate":"https:\/\/wallacehume.com\/?s={search_term_string}"},"query-input":{"@type":"PropertyValueSpecification","valueRequired":true,"valueName":"search_term_string"}}],"inLanguage":"de-DE"},{"@type":"Question","@id":"https:\/\/wallacehume.com\/de\/shop\/ferrari-rot-armband\/#faq-f7ea6b62","position":1,"url":"https:\/\/wallacehume.com\/de\/shop\/ferrari-rot-armband\/#faq-f7ea6b62","name":"Was ist ein Perlon-Uhrenarmband?","answerCount":1,"acceptedAnswer":{"@type":"Answer","text":"Ein Perlon-Armband ist ein gewebtes Nylon-Uhrenband, das f\u00fcr seine Atmungsaktivit\u00e4t, sein leichtes Tragekomfort und seine stufenlose Verstellbarkeit bekannt ist. Urspr\u00fcnglich in Deutschland entwickelt, sind Perlon-Armb\u00e4nder perfekt f\u00fcr warmes Wetter und einen aktiven Lebensstil.","inLanguage":"de-DE"},"inLanguage":"de-DE"},{"@type":"Question","@id":"https:\/\/wallacehume.com\/de\/shop\/ferrari-rot-armband\/#faq-8be126eb","position":2,"url":"https:\/\/wallacehume.com\/de\/shop\/ferrari-rot-armband\/#faq-8be126eb","name":"Welche Breite haben Wallace Hume Perlon-Armb\u00e4nder?","answerCount":1,"acceptedAnswer":{"@type":"Answer","text":"Alle Wallace Hume Perlon-Armb\u00e4nder sind 20 mm breit und 250 mm lang und passen perfekt zu allen Wallace Hume Uhren. Sie passen auch an jede andere Uhr mit standardm\u00e4\u00dfiger 20-mm-Stegbreite.","inLanguage":"de-DE"},"inLanguage":"de-DE"},{"@type":"Question","@id":"https:\/\/wallacehume.com\/de\/shop\/ferrari-rot-armband\/#faq-6312b2cf","position":3,"url":"https:\/\/wallacehume.com\/de\/shop\/ferrari-rot-armband\/#faq-6312b2cf","name":"Wie pflege ich mein Perlon-Armband?","answerCount":1,"acceptedAnswer":{"@type":"Answer","text":"Perlon-Armb\u00e4nder sind pflegeleicht. Sp\u00fclen Sie es einfach nach Kontakt mit Schwei\u00df oder Salzwasser mit Wasser ab. F\u00fcr eine gr\u00fcndlichere Reinigung waschen Sie es von Hand mit milder Seife und lassen Sie es an der Luft trocknen.","inLanguage":"de-DE"},"inLanguage":"de-DE"}]}},"_links":{"self":[{"href":"https:\/\/wallacehume.com\/de\/wp-json\/wp\/v2\/product\/32089","targetHints":{"allow":["GET"]}}],"collection":[{"href":"https:\/\/wallacehume.com\/de\/wp-json\/wp\/v2\/product"}],"about":[{"href":"https:\/\/wallacehume.com\/de\/wp-json\/wp\/v2\/types\/product"}],"wp:featuredmedia":[{"embeddable":true,"href":"https:\/\/wallacehume.com\/de\/wp-json\/wp\/v2\/media\/2385"}],"wp:attachment":[{"href":"https:\/\/wallacehume.com\/de\/wp-json\/wp\/v2\/media?parent=32089"}],"wp:term":[{"taxonomy":"product_brand","embeddable":true,"href":"https:\/\/wallacehume.com\/de\/wp-json\/wp\/v2\/product_brand?post=32089"},{"taxonomy":"product_cat","embeddable":true,"href":"https:\/\/wallacehume.com\/de\/wp-json\/wp\/v2\/product_cat?post=32089"},{"taxonomy":"product_tag","embeddable":true,"href":"https:\/\/wallacehume.com\/de\/wp-json\/wp\/v2\/product_tag?post=32089"}],"curies":[{"name":"wp","href":"https:\/\/api.w.org\/{rel}","templated":true}]}}