{"id":32139,"date":"2026-03-08T08:02:56","date_gmt":"2026-03-08T07:02:56","guid":{"rendered":"https:\/\/wallacehume.com\/shop\/leder-klassisch-weis\/"},"modified":"2026-03-08T08:02:56","modified_gmt":"2026-03-08T07:02:56","slug":"leder-klassisch-weis","status":"publish","type":"product","link":"https:\/\/wallacehume.com\/de\/shop\/leder-klassisch-weis\/","title":{"rendered":"Leder | Klassisch Wei\u00df"},"content":{"rendered":"<p style=\"text-align: left;\">[vc_column width=&#8221;1\/3&#8243;][vc_column_text]<\/p>\r\n\r\n<h4>Uhr Spezifikationen<\/h4>\r\n<ul>\r\n \t<li>Japanisches Quarz-Uhrwerk<\/li>\r\n \t<li>Edelstahlgeh\u00e4use<\/li>\r\n \t<li>Geh\u00e4use wasserdicht 3 ATM<\/li>\r\n \t<li>Geh\u00e4usedurchmesser 41 mm<\/li>\r\n \t<li>Geh\u00e4usedicke 6,5 mm<\/li>\r\n<\/ul>\r\n[\/vc_column_text][\/vc_column][vc_column width=&#8221;1\/3&#8243;][vc_column_text]\r\n<h4>Armband Spezifikationen<\/h4>\r\n<ul>\r\n \t<li>Leather Brown Echtes Leder Strap<\/li>\r\n \t<li>Edelstahl-Dornschlie\u00dfe<\/li>\r\n \t<li>20 mm Breite<\/li>\r\n<\/ul>\r\n[\/vc_column_text][\/vc_column][vc_column width=&#8221;1\/3&#8243;][vc_column_text]\r\n<h4>Shipping &amp; Returns<\/h4>\r\n<ul>\r\n \t<li>West-Europe: 1 &#8211; 3 days<\/li>\r\n \t<li>Rest of Europe: 3 &#8211; 5 days<\/li>\r\n \t<li>Other countries: 3 &#8211; 9 days<\/li>\r\n \t<li><a href=\"http:\/\/35.204.191.242\/shipment-policy\/\">Free Shipping<\/a><\/li>\r\n \t<li><a href=\"http:\/\/35.204.191.242\/return-policy\/\">Free Returns on all Purchases<\/a><\/li>\r\n<\/ul>\r\n[\/vc_column_text][\/vc_column]\n<h3>Premium Leather<\/h3>\n<p>Crafted from genuine top-grain leather, our Lederarmbands develop a beautiful patina over time, making each one uniquely yours. The soft, supple leather is comfortable from day one and only gets better with wear.<\/p>\n<h3>Specifications<\/h3>\n<ul>\n<li><strong>Width:<\/strong> 20mm<\/li>\n<li><strong>Material:<\/strong> Top-grain Echtes Leder<\/li>\n<li><strong>Buckle:<\/strong> Polished 316L stainless steel<\/li>\n<li><strong>Length:<\/strong> Adjustable, fits wrists 15-21cm<\/li>\n<\/ul>\n<h3>Versand &#038; R\u00fcckgabe<\/h3>\n<p>Kostenloser weltweiter Versand f\u00fcr alle Bestellungen. Your watch arrives in our signature gift box, ready to wear or gift. Not completely satisfied? Return within 30 days for a full refund.<\/p><div class=\"schema-faq wp-block-yoast-faq-block\"><div class=\"schema-faq-section\" id=\"faq-9b120a37\"><strong class=\"schema-faq-question faq-q-open\">Welches Uhrwerk verwendet diese Wallace Hume Uhr?<\/strong><p class=\"schema-faq-answer\">Alle Wallace Hume Uhren verwenden ein zuverl\u00e4ssiges japanisches Miyota Quarzwerk, das eine genaue Zeitmessung bei minimalem Wartungsaufwand gew\u00e4hrleistet. Die Batterie h\u00e4lt in der Regel 2-3 Jahre.<\/p><\/div><div class=\"schema-faq-section\" id=\"faq-26f32738\"><strong class=\"schema-faq-question faq-q-open\">Ist die Wallace Hume Uhr wasserdicht?<\/strong><p class=\"schema-faq-answer\">Ja, alle Wallace Hume Uhren sind bis 3 ATM (30 Meter) wasserdicht. Sie sind gegen Regen und H\u00e4ndewaschen gesch\u00fctzt, sollten aber nicht zum Schwimmen oder Tauchen verwendet werden.<\/p><\/div><div class=\"schema-faq-section\" id=\"faq-491819da\"><strong class=\"schema-faq-question faq-q-open\">Kann ich das Armband meiner Wallace Hume Uhr wechseln?<\/strong><p class=\"schema-faq-answer\">Selbstverst\u00e4ndlich! Alle Wallace Hume Uhren verf\u00fcgen \u00fcber ein Schnellwechsel-Federsteg-System. Sie k\u00f6nnen zwischen unseren 12 Perlon-Armbandfarben oder Premium-Lederarmb\u00e4ndern in Sekunden wechseln \u2014 ganz ohne Werkzeug.<\/p><\/div><div class=\"schema-faq-section\" id=\"faq-354db586\"><strong class=\"schema-faq-question faq-q-open\">Wie gro\u00df ist das Geh\u00e4use einer Wallace Hume Uhr?<\/strong><p class=\"schema-faq-answer\">Wallace Hume Uhren haben einen Geh\u00e4usedurchmesser von 40 mm (41 mm mit Krone) und eine ultrad\u00fcnne Geh\u00e4usedicke von nur 6,5 mm \u2014 eine der d\u00fcnnsten minimalistischen Uhren auf dem Markt.<\/p><\/div><div class=\"schema-faq-section\" id=\"faq-16b5df5a\"><strong class=\"schema-faq-question faq-q-open\">Bietet Wallace Hume kostenlosen Versand?<\/strong><p class=\"schema-faq-answer\">Ja, Wallace Hume bietet kostenlosen weltweiten Versand f\u00fcr alle Bestellungen. Die Uhren werden sorgf\u00e4ltig verpackt und in der Regel innerhalb von 3-7 Werktagen geliefert.<\/p><\/div><\/div>","protected":false},"excerpt":{"rendered":"<p>Every day you want to look your absolute best.\u00a0 Our classy Leather\u00a0Brown | Full Black Watch which includes a genuine leather strap makes your outfit stand out from the crowd. Enjoy, Wallace Hume.<\/p>\n<p>&nbsp;<\/p>\n<p>\u2713 Free worldwide shipping<br \/>\n\u2713 Free returns on all purchases<br \/>\n\u2713 24-month warranty<\/p>\n","protected":false},"featured_media":31908,"template":"","meta":[],"product_brand":[],"product_cat":[103,40],"product_tag":[],"class_list":{"0":"post-32139","1":"product","2":"type-product","3":"status-publish","4":"has-post-thumbnail","6":"product_cat-leder-de","7":"product_cat-leather","9":"first","10":"instock","11":"taxable","12":"shipping-taxable","13":"purchasable","14":"product-type-variable","15":"has-default-attributes"},"yoast_head":"<!-- This site is optimized with the Yoast SEO plugin v24.6 - https:\/\/yoast.com\/wordpress\/plugins\/seo\/ -->\n<title>Leder | Klassisch Wei\u00df - Wallace Hume<\/title>\n<meta name=\"description\" content=\"Leder | Klassisch Wei\u00df \u2014 Minimalistische Dutch Design Uhr von Wallace Hume. Handgefertigt in den Niederlanden. Kostenloser Versand.\" \/>\n<meta name=\"robots\" content=\"index, follow, max-snippet:-1, max-image-preview:large, max-video-preview:-1\" \/>\n<link rel=\"canonical\" href=\"https:\/\/wallacehume.com\/de\/shop\/leder-klassisch-weis\/\" \/>\n<meta property=\"og:locale\" content=\"de_DE\" \/>\n<meta property=\"og:type\" content=\"article\" \/>\n<meta property=\"og:title\" content=\"Leder | Klassisch Wei\u00df - Wallace Hume\" \/>\n<meta property=\"og:description\" content=\"Leder | Klassisch Wei\u00df \u2014 Minimalistische Dutch Design Uhr von Wallace Hume. Handgefertigt in den Niederlanden. Kostenloser Versand.\" \/>\n<meta property=\"og:url\" content=\"https:\/\/wallacehume.com\/de\/shop\/leder-klassisch-weis\/\" \/>\n<meta property=\"og:site_name\" content=\"Wallace Hume\" \/>\n<meta property=\"article:publisher\" content=\"https:\/\/www.facebook.com\/wallacehume\" \/>\n<meta property=\"og:image\" content=\"https:\/\/wallacehume.com\/wp-content\/uploads\/2026\/02\/CW01LBR-1_sort1.jpg\" \/>\n\t<meta property=\"og:image:width\" content=\"700\" \/>\n\t<meta property=\"og:image:height\" content=\"800\" \/>\n\t<meta property=\"og:image:type\" content=\"image\/jpeg\" \/>\n<meta name=\"twitter:card\" content=\"summary_large_image\" \/>\n<meta name=\"twitter:site\" content=\"@wallacehume\" \/>\n<meta name=\"twitter:label1\" content=\"Est. reading time\" \/>\n\t<meta name=\"twitter:data1\" content=\"1 minute\" \/>\n<script type=\"application\/ld+json\" class=\"yoast-schema-graph\">{\"@context\":\"https:\/\/schema.org\",\"@graph\":[{\"@type\":[\"WebPage\",\"FAQPage\"],\"@id\":\"https:\/\/wallacehume.com\/de\/shop\/leder-klassisch-weis\/\",\"url\":\"https:\/\/wallacehume.com\/de\/shop\/leder-klassisch-weis\/\",\"name\":\"Leder | Klassisch Wei\u00df - Wallace Hume\",\"isPartOf\":{\"@id\":\"https:\/\/wallacehume.com\/#website\"},\"primaryImageOfPage\":{\"@id\":\"https:\/\/wallacehume.com\/de\/shop\/leder-klassisch-weis\/#primaryimage\"},\"image\":{\"@id\":\"https:\/\/wallacehume.com\/de\/shop\/leder-klassisch-weis\/#primaryimage\"},\"thumbnailUrl\":\"https:\/\/wallacehume.com\/wp-content\/uploads\/2026\/02\/CW01LBR-1_sort1.jpg\",\"datePublished\":\"2026-03-08T07:02:56+00:00\",\"description\":\"Leder | Klassisch Wei\u00df \u2014 Minimalistische Dutch Design Uhr von Wallace Hume. Handgefertigt in den Niederlanden. Kostenloser Versand.\",\"breadcrumb\":{\"@id\":\"https:\/\/wallacehume.com\/de\/shop\/leder-klassisch-weis\/#breadcrumb\"},\"mainEntity\":[{\"@id\":\"https:\/\/wallacehume.com\/de\/shop\/leder-klassisch-weis\/#faq-9b120a37\"},{\"@id\":\"https:\/\/wallacehume.com\/de\/shop\/leder-klassisch-weis\/#faq-26f32738\"},{\"@id\":\"https:\/\/wallacehume.com\/de\/shop\/leder-klassisch-weis\/#faq-491819da\"},{\"@id\":\"https:\/\/wallacehume.com\/de\/shop\/leder-klassisch-weis\/#faq-354db586\"},{\"@id\":\"https:\/\/wallacehume.com\/de\/shop\/leder-klassisch-weis\/#faq-16b5df5a\"}],\"inLanguage\":\"de-DE\",\"potentialAction\":[{\"@type\":\"ReadAction\",\"target\":[\"https:\/\/wallacehume.com\/de\/shop\/leder-klassisch-weis\/\"]}]},{\"@type\":\"ImageObject\",\"inLanguage\":\"de-DE\",\"@id\":\"https:\/\/wallacehume.com\/de\/shop\/leder-klassisch-weis\/#primaryimage\",\"url\":\"https:\/\/wallacehume.com\/wp-content\/uploads\/2026\/02\/CW01LBR-1_sort1.jpg\",\"contentUrl\":\"https:\/\/wallacehume.com\/wp-content\/uploads\/2026\/02\/CW01LBR-1_sort1.jpg\",\"width\":700,\"height\":800,\"caption\":\"Wallace Hume Leather | Classic White - Premium leather watch strap, Dutch design\"},{\"@type\":\"BreadcrumbList\",\"@id\":\"https:\/\/wallacehume.com\/de\/shop\/leder-klassisch-weis\/#breadcrumb\",\"itemListElement\":[{\"@type\":\"ListItem\",\"position\":1,\"name\":\"Home\",\"item\":\"https:\/\/wallacehume.com\/de\/die-freude-am-leben\/\"},{\"@type\":\"ListItem\",\"position\":2,\"name\":\"Shop\",\"item\":\"https:\/\/wallacehume.com\/de\/shop\/\"},{\"@type\":\"ListItem\",\"position\":3,\"name\":\"Leder | Klassisch Wei\u00df\"}]},{\"@type\":\"WebSite\",\"@id\":\"https:\/\/wallacehume.com\/#website\",\"url\":\"https:\/\/wallacehume.com\/\",\"name\":\"Wallace Hume\",\"description\":\"The Enjoyment of Life\",\"potentialAction\":[{\"@type\":\"SearchAction\",\"target\":{\"@type\":\"EntryPoint\",\"urlTemplate\":\"https:\/\/wallacehume.com\/?s={search_term_string}\"},\"query-input\":{\"@type\":\"PropertyValueSpecification\",\"valueRequired\":true,\"valueName\":\"search_term_string\"}}],\"inLanguage\":\"de-DE\"},{\"@type\":\"Question\",\"@id\":\"https:\/\/wallacehume.com\/de\/shop\/leder-klassisch-weis\/#faq-9b120a37\",\"position\":1,\"url\":\"https:\/\/wallacehume.com\/de\/shop\/leder-klassisch-weis\/#faq-9b120a37\",\"name\":\"Welches Uhrwerk verwendet diese Wallace Hume Uhr?\",\"answerCount\":1,\"acceptedAnswer\":{\"@type\":\"Answer\",\"text\":\"Alle Wallace Hume Uhren verwenden ein zuverl\u00e4ssiges japanisches Miyota Quarzwerk, das eine genaue Zeitmessung bei minimalem Wartungsaufwand gew\u00e4hrleistet. Die Batterie h\u00e4lt in der Regel 2-3 Jahre.\",\"inLanguage\":\"de-DE\"},\"inLanguage\":\"de-DE\"},{\"@type\":\"Question\",\"@id\":\"https:\/\/wallacehume.com\/de\/shop\/leder-klassisch-weis\/#faq-26f32738\",\"position\":2,\"url\":\"https:\/\/wallacehume.com\/de\/shop\/leder-klassisch-weis\/#faq-26f32738\",\"name\":\"Ist die Wallace Hume Uhr wasserdicht?\",\"answerCount\":1,\"acceptedAnswer\":{\"@type\":\"Answer\",\"text\":\"Ja, alle Wallace Hume Uhren sind bis 3 ATM (30 Meter) wasserdicht. Sie sind gegen Regen und H\u00e4ndewaschen gesch\u00fctzt, sollten aber nicht zum Schwimmen oder Tauchen verwendet werden.\",\"inLanguage\":\"de-DE\"},\"inLanguage\":\"de-DE\"},{\"@type\":\"Question\",\"@id\":\"https:\/\/wallacehume.com\/de\/shop\/leder-klassisch-weis\/#faq-491819da\",\"position\":3,\"url\":\"https:\/\/wallacehume.com\/de\/shop\/leder-klassisch-weis\/#faq-491819da\",\"name\":\"Kann ich das Armband meiner Wallace Hume Uhr wechseln?\",\"answerCount\":1,\"acceptedAnswer\":{\"@type\":\"Answer\",\"text\":\"Selbstverst\u00e4ndlich! Alle Wallace Hume Uhren verf\u00fcgen \u00fcber ein Schnellwechsel-Federsteg-System. Sie k\u00f6nnen zwischen unseren 12 Perlon-Armbandfarben oder Premium-Lederarmb\u00e4ndern in Sekunden wechseln \u2014 ganz ohne Werkzeug.\",\"inLanguage\":\"de-DE\"},\"inLanguage\":\"de-DE\"},{\"@type\":\"Question\",\"@id\":\"https:\/\/wallacehume.com\/de\/shop\/leder-klassisch-weis\/#faq-354db586\",\"position\":4,\"url\":\"https:\/\/wallacehume.com\/de\/shop\/leder-klassisch-weis\/#faq-354db586\",\"name\":\"Wie gro\u00df ist das Geh\u00e4use einer Wallace Hume Uhr?\",\"answerCount\":1,\"acceptedAnswer\":{\"@type\":\"Answer\",\"text\":\"Wallace Hume Uhren haben einen Geh\u00e4usedurchmesser von 40 mm (41 mm mit Krone) und eine ultrad\u00fcnne Geh\u00e4usedicke von nur 6,5 mm \u2014 eine der d\u00fcnnsten minimalistischen Uhren auf dem Markt.\",\"inLanguage\":\"de-DE\"},\"inLanguage\":\"de-DE\"},{\"@type\":\"Question\",\"@id\":\"https:\/\/wallacehume.com\/de\/shop\/leder-klassisch-weis\/#faq-16b5df5a\",\"position\":5,\"url\":\"https:\/\/wallacehume.com\/de\/shop\/leder-klassisch-weis\/#faq-16b5df5a\",\"name\":\"Bietet Wallace Hume kostenlosen Versand?\",\"answerCount\":1,\"acceptedAnswer\":{\"@type\":\"Answer\",\"text\":\"Ja, Wallace Hume bietet kostenlosen weltweiten Versand f\u00fcr alle Bestellungen. Die Uhren werden sorgf\u00e4ltig verpackt und in der Regel innerhalb von 3-7 Werktagen geliefert.\",\"inLanguage\":\"de-DE\"},\"inLanguage\":\"de-DE\"}]}<\/script>\n<!-- \/ Yoast SEO plugin. -->","yoast_head_json":{"title":"Leder | Klassisch Wei\u00df - Wallace Hume","description":"Leder | Klassisch Wei\u00df \u2014 Minimalistische Dutch Design Uhr von Wallace Hume. Handgefertigt in den Niederlanden. Kostenloser Versand.","robots":{"index":"index","follow":"follow","max-snippet":"max-snippet:-1","max-image-preview":"max-image-preview:large","max-video-preview":"max-video-preview:-1"},"canonical":"https:\/\/wallacehume.com\/de\/shop\/leder-klassisch-weis\/","og_locale":"de_DE","og_type":"article","og_title":"Leder | Klassisch Wei\u00df - Wallace Hume","og_description":"Leder | Klassisch Wei\u00df \u2014 Minimalistische Dutch Design Uhr von Wallace Hume. Handgefertigt in den Niederlanden. Kostenloser Versand.","og_url":"https:\/\/wallacehume.com\/de\/shop\/leder-klassisch-weis\/","og_site_name":"Wallace Hume","article_publisher":"https:\/\/www.facebook.com\/wallacehume","og_image":[{"width":700,"height":800,"url":"https:\/\/wallacehume.com\/wp-content\/uploads\/2026\/02\/CW01LBR-1_sort1.jpg","type":"image\/jpeg"}],"twitter_card":"summary_large_image","twitter_site":"@wallacehume","twitter_misc":{"Est. reading time":"1 minute"},"schema":{"@context":"https:\/\/schema.org","@graph":[{"@type":["WebPage","FAQPage"],"@id":"https:\/\/wallacehume.com\/de\/shop\/leder-klassisch-weis\/","url":"https:\/\/wallacehume.com\/de\/shop\/leder-klassisch-weis\/","name":"Leder | Klassisch Wei\u00df - Wallace Hume","isPartOf":{"@id":"https:\/\/wallacehume.com\/#website"},"primaryImageOfPage":{"@id":"https:\/\/wallacehume.com\/de\/shop\/leder-klassisch-weis\/#primaryimage"},"image":{"@id":"https:\/\/wallacehume.com\/de\/shop\/leder-klassisch-weis\/#primaryimage"},"thumbnailUrl":"https:\/\/wallacehume.com\/wp-content\/uploads\/2026\/02\/CW01LBR-1_sort1.jpg","datePublished":"2026-03-08T07:02:56+00:00","description":"Leder | Klassisch Wei\u00df \u2014 Minimalistische Dutch Design Uhr von Wallace Hume. Handgefertigt in den Niederlanden. Kostenloser Versand.","breadcrumb":{"@id":"https:\/\/wallacehume.com\/de\/shop\/leder-klassisch-weis\/#breadcrumb"},"mainEntity":[{"@id":"https:\/\/wallacehume.com\/de\/shop\/leder-klassisch-weis\/#faq-9b120a37"},{"@id":"https:\/\/wallacehume.com\/de\/shop\/leder-klassisch-weis\/#faq-26f32738"},{"@id":"https:\/\/wallacehume.com\/de\/shop\/leder-klassisch-weis\/#faq-491819da"},{"@id":"https:\/\/wallacehume.com\/de\/shop\/leder-klassisch-weis\/#faq-354db586"},{"@id":"https:\/\/wallacehume.com\/de\/shop\/leder-klassisch-weis\/#faq-16b5df5a"}],"inLanguage":"de-DE","potentialAction":[{"@type":"ReadAction","target":["https:\/\/wallacehume.com\/de\/shop\/leder-klassisch-weis\/"]}]},{"@type":"ImageObject","inLanguage":"de-DE","@id":"https:\/\/wallacehume.com\/de\/shop\/leder-klassisch-weis\/#primaryimage","url":"https:\/\/wallacehume.com\/wp-content\/uploads\/2026\/02\/CW01LBR-1_sort1.jpg","contentUrl":"https:\/\/wallacehume.com\/wp-content\/uploads\/2026\/02\/CW01LBR-1_sort1.jpg","width":700,"height":800,"caption":"Wallace Hume Leather | Classic White - Premium leather watch strap, Dutch design"},{"@type":"BreadcrumbList","@id":"https:\/\/wallacehume.com\/de\/shop\/leder-klassisch-weis\/#breadcrumb","itemListElement":[{"@type":"ListItem","position":1,"name":"Home","item":"https:\/\/wallacehume.com\/de\/die-freude-am-leben\/"},{"@type":"ListItem","position":2,"name":"Shop","item":"https:\/\/wallacehume.com\/de\/shop\/"},{"@type":"ListItem","position":3,"name":"Leder | Klassisch Wei\u00df"}]},{"@type":"WebSite","@id":"https:\/\/wallacehume.com\/#website","url":"https:\/\/wallacehume.com\/","name":"Wallace Hume","description":"The Enjoyment of Life","potentialAction":[{"@type":"SearchAction","target":{"@type":"EntryPoint","urlTemplate":"https:\/\/wallacehume.com\/?s={search_term_string}"},"query-input":{"@type":"PropertyValueSpecification","valueRequired":true,"valueName":"search_term_string"}}],"inLanguage":"de-DE"},{"@type":"Question","@id":"https:\/\/wallacehume.com\/de\/shop\/leder-klassisch-weis\/#faq-9b120a37","position":1,"url":"https:\/\/wallacehume.com\/de\/shop\/leder-klassisch-weis\/#faq-9b120a37","name":"Welches Uhrwerk verwendet diese Wallace Hume Uhr?","answerCount":1,"acceptedAnswer":{"@type":"Answer","text":"Alle Wallace Hume Uhren verwenden ein zuverl\u00e4ssiges japanisches Miyota Quarzwerk, das eine genaue Zeitmessung bei minimalem Wartungsaufwand gew\u00e4hrleistet. Die Batterie h\u00e4lt in der Regel 2-3 Jahre.","inLanguage":"de-DE"},"inLanguage":"de-DE"},{"@type":"Question","@id":"https:\/\/wallacehume.com\/de\/shop\/leder-klassisch-weis\/#faq-26f32738","position":2,"url":"https:\/\/wallacehume.com\/de\/shop\/leder-klassisch-weis\/#faq-26f32738","name":"Ist die Wallace Hume Uhr wasserdicht?","answerCount":1,"acceptedAnswer":{"@type":"Answer","text":"Ja, alle Wallace Hume Uhren sind bis 3 ATM (30 Meter) wasserdicht. Sie sind gegen Regen und H\u00e4ndewaschen gesch\u00fctzt, sollten aber nicht zum Schwimmen oder Tauchen verwendet werden.","inLanguage":"de-DE"},"inLanguage":"de-DE"},{"@type":"Question","@id":"https:\/\/wallacehume.com\/de\/shop\/leder-klassisch-weis\/#faq-491819da","position":3,"url":"https:\/\/wallacehume.com\/de\/shop\/leder-klassisch-weis\/#faq-491819da","name":"Kann ich das Armband meiner Wallace Hume Uhr wechseln?","answerCount":1,"acceptedAnswer":{"@type":"Answer","text":"Selbstverst\u00e4ndlich! Alle Wallace Hume Uhren verf\u00fcgen \u00fcber ein Schnellwechsel-Federsteg-System. Sie k\u00f6nnen zwischen unseren 12 Perlon-Armbandfarben oder Premium-Lederarmb\u00e4ndern in Sekunden wechseln \u2014 ganz ohne Werkzeug.","inLanguage":"de-DE"},"inLanguage":"de-DE"},{"@type":"Question","@id":"https:\/\/wallacehume.com\/de\/shop\/leder-klassisch-weis\/#faq-354db586","position":4,"url":"https:\/\/wallacehume.com\/de\/shop\/leder-klassisch-weis\/#faq-354db586","name":"Wie gro\u00df ist das Geh\u00e4use einer Wallace Hume Uhr?","answerCount":1,"acceptedAnswer":{"@type":"Answer","text":"Wallace Hume Uhren haben einen Geh\u00e4usedurchmesser von 40 mm (41 mm mit Krone) und eine ultrad\u00fcnne Geh\u00e4usedicke von nur 6,5 mm \u2014 eine der d\u00fcnnsten minimalistischen Uhren auf dem Markt.","inLanguage":"de-DE"},"inLanguage":"de-DE"},{"@type":"Question","@id":"https:\/\/wallacehume.com\/de\/shop\/leder-klassisch-weis\/#faq-16b5df5a","position":5,"url":"https:\/\/wallacehume.com\/de\/shop\/leder-klassisch-weis\/#faq-16b5df5a","name":"Bietet Wallace Hume kostenlosen Versand?","answerCount":1,"acceptedAnswer":{"@type":"Answer","text":"Ja, Wallace Hume bietet kostenlosen weltweiten Versand f\u00fcr alle Bestellungen. Die Uhren werden sorgf\u00e4ltig verpackt und in der Regel innerhalb von 3-7 Werktagen geliefert.","inLanguage":"de-DE"},"inLanguage":"de-DE"}]}},"_links":{"self":[{"href":"https:\/\/wallacehume.com\/de\/wp-json\/wp\/v2\/product\/32139","targetHints":{"allow":["GET"]}}],"collection":[{"href":"https:\/\/wallacehume.com\/de\/wp-json\/wp\/v2\/product"}],"about":[{"href":"https:\/\/wallacehume.com\/de\/wp-json\/wp\/v2\/types\/product"}],"wp:featuredmedia":[{"embeddable":true,"href":"https:\/\/wallacehume.com\/de\/wp-json\/wp\/v2\/media\/31908"}],"wp:attachment":[{"href":"https:\/\/wallacehume.com\/de\/wp-json\/wp\/v2\/media?parent=32139"}],"wp:term":[{"taxonomy":"product_brand","embeddable":true,"href":"https:\/\/wallacehume.com\/de\/wp-json\/wp\/v2\/product_brand?post=32139"},{"taxonomy":"product_cat","embeddable":true,"href":"https:\/\/wallacehume.com\/de\/wp-json\/wp\/v2\/product_cat?post=32139"},{"taxonomy":"product_tag","embeddable":true,"href":"https:\/\/wallacehume.com\/de\/wp-json\/wp\/v2\/product_tag?post=32139"}],"curies":[{"name":"wp","href":"https:\/\/api.w.org\/{rel}","templated":true}]}}