{"id":32138,"date":"2026-03-08T08:02:54","date_gmt":"2026-03-08T07:02:54","guid":{"rendered":"https:\/\/wallacehume.com\/shop\/cuir-noir-integral\/"},"modified":"2026-03-08T08:02:54","modified_gmt":"2026-03-08T07:02:54","slug":"cuir-noir-integral","status":"publish","type":"product","link":"https:\/\/wallacehume.com\/fr\/shop\/cuir-noir-integral\/","title":{"rendered":"Cuir | Noir Int\u00e9gral"},"content":{"rendered":"<p style=\"text-align: left;\">[vc_column width=&#8221;1\/3&#8243;][vc_column_text]<\/p>\r\n\r\n<h4>Sp\u00e9cifications de la Montre<\/h4>\r\n<ul>\r\n \t<li>Mouvement Quartz Japonais<\/li>\r\n \t<li>Bo\u00eetier en Acier Inoxydable<\/li>\r\n \t<li>Bo\u00eetier \u00c9tanche 3 ATM<\/li>\r\n \t<li>Diam\u00e8tre du Bo\u00eetier 41 mm<\/li>\r\n \t<li>\u00c9paisseur du Bo\u00eetier 6,5 mm<\/li>\r\n<\/ul>\r\n[\/vc_column_text][\/vc_column][vc_column width=&#8221;1\/3&#8243;][vc_column_text]\r\n<h4>Sp\u00e9cifications du Bracelet<\/h4>\r\n<ul>\r\n \t<li>Leather Brown Cuir V\u00e9ritable Strap<\/li>\r\n \t<li>Boucle en Acier Inoxydable<\/li>\r\n \t<li>Largeur 20 mm<\/li>\r\n<\/ul>\r\n[\/vc_column_text][\/vc_column][vc_column width=&#8221;1\/3&#8243;][vc_column_text]\r\n<h4>Shipping &amp; Returns<\/h4>\r\n<ul>\r\n \t<li>West-Europe: 1 &#8211; 3 days<\/li>\r\n \t<li>Rest of Europe: 3 &#8211; 5 days<\/li>\r\n \t<li>Other countries: 3 &#8211; 9 days<\/li>\r\n \t<li><a href=\"http:\/\/35.204.191.242\/shipment-policy\/\">Free Shipping<\/a><\/li>\r\n \t<li><a href=\"http:\/\/35.204.191.242\/return-policy\/\">Free Returns on all Purchases<\/a><\/li>\r\n<\/ul>\r\n[\/vc_column_text][\/vc_column]\n<h3>Premium Leather<\/h3>\n<p>Crafted from genuine top-grain leather, our Bracelet en Cuirs develop a beautiful patina over time, making each one uniquely yours. The soft, supple leather is comfortable from day one and only gets better with wear.<\/p>\n<h3>Specifications<\/h3>\n<ul>\n<li><strong>Width:<\/strong> 20mm<\/li>\n<li><strong>Material:<\/strong> Top-grain Cuir V\u00e9ritable<\/li>\n<li><strong>Buckle:<\/strong> Polished 316L stainless steel<\/li>\n<li><strong>Length:<\/strong> Adjustable, fits wrists 15-21cm<\/li>\n<\/ul>\n<h3>Livraison &#038; Retours<\/h3>\n<p>Livraison mondiale gratuite sur toutes les commandes. Your watch arrives in our signature gift box, ready to wear or gift. Not completely satisfied? Return within 30 days for a full refund.<\/p><div class=\"schema-faq wp-block-yoast-faq-block\"><div class=\"schema-faq-section\" id=\"faq-bc9cffa7\"><strong class=\"schema-faq-question faq-q-open\">Quel mouvement utilise cette montre Wallace Hume ?<\/strong><p class=\"schema-faq-answer\">Toutes les montres Wallace Hume utilisent un mouvement quartz japonais Miyota fiable, garantissant une mesure pr\u00e9cise du temps avec un entretien minimal. La pile dure g\u00e9n\u00e9ralement 2 \u00e0 3 ans.<\/p><\/div><div class=\"schema-faq-section\" id=\"faq-098ddba1\"><strong class=\"schema-faq-question faq-q-open\">La montre Wallace Hume est-elle \u00e9tanche ?<\/strong><p class=\"schema-faq-answer\">Oui, toutes les montres Wallace Hume sont \u00e9tanches jusqu&#039;\u00e0 3 ATM (30 m\u00e8tres). Elles r\u00e9sistent \u00e0 la pluie et au lavage des mains, mais ne doivent pas \u00eatre utilis\u00e9es pour la natation ou la plong\u00e9e.<\/p><\/div><div class=\"schema-faq-section\" id=\"faq-4d858994\"><strong class=\"schema-faq-question faq-q-open\">Puis-je changer le bracelet de ma montre Wallace Hume ?<\/strong><p class=\"schema-faq-answer\">Absolument ! Toutes les montres Wallace Hume disposent d&#039;un syst\u00e8me de barrettes \u00e0 ressort \u00e0 d\u00e9gagement rapide. Vous pouvez passer de l&#039;un de nos 12 coloris de bracelets perlon ou de nos bracelets en cuir premium en quelques secondes, sans aucun outil.<\/p><\/div><div class=\"schema-faq-section\" id=\"faq-45f0ea7c\"><strong class=\"schema-faq-question faq-q-open\">Quelle est la taille du bo\u00eetier d&#039;une montre Wallace Hume ?<\/strong><p class=\"schema-faq-answer\">Les montres Wallace Hume ont un diam\u00e8tre de bo\u00eetier de 40 mm (41 mm avec couronne) et une \u00e9paisseur ultra-fine de 6,5 mm, ce qui en fait l&#039;une des montres minimalistes les plus fines disponibles.<\/p><\/div><div class=\"schema-faq-section\" id=\"faq-57fcddc1\"><strong class=\"schema-faq-question faq-q-open\">Wallace Hume propose-t-il la livraison gratuite ?<\/strong><p class=\"schema-faq-answer\">Oui, Wallace Hume propose la livraison gratuite dans le monde entier sur toutes les commandes. Les montres sont soigneusement emball\u00e9es et livr\u00e9es sous 3 \u00e0 7 jours ouvrables.<\/p><\/div><\/div>","protected":false},"excerpt":{"rendered":"<p>Every day you want to look your absolute best.\u00a0 Our classy Leather\u00a0Brown | Full Black Watch which includes a genuine leather strap makes your outfit stand out from the crowd. Enjoy, Wallace Hume.<\/p>\n<p>&nbsp;<\/p>\n<p>\u2713 Free worldwide shipping<br \/>\n\u2713 Free returns on all purchases<br \/>\n\u2713 24-month warranty<\/p>\n","protected":false},"featured_media":32014,"template":"","meta":[],"product_brand":[],"product_cat":[104,40],"product_tag":[],"class_list":{"0":"post-32138","1":"product","2":"type-product","3":"status-publish","4":"has-post-thumbnail","6":"product_cat-cuir-fr","7":"product_cat-leather","9":"first","10":"instock","11":"taxable","12":"shipping-taxable","13":"purchasable","14":"product-type-variable","15":"has-default-attributes"},"yoast_head":"<!-- This site is optimized with the Yoast SEO plugin v24.6 - https:\/\/yoast.com\/wordpress\/plugins\/seo\/ -->\n<title>Cuir | Noir Int\u00e9gral - Wallace Hume<\/title>\n<meta name=\"description\" content=\"Full Black watch with Cuir V\u00e9ritable strap. Premium bold Dutch design by Wallace Hume. \u20ac99.95 with free worldwide shipping &amp; 24-month warranty.\" \/>\n<meta name=\"robots\" content=\"index, follow, max-snippet:-1, max-image-preview:large, max-video-preview:-1\" \/>\n<link rel=\"canonical\" href=\"https:\/\/wallacehume.com\/fr\/shop\/cuir-noir-integral\/\" \/>\n<meta property=\"og:locale\" content=\"fr_FR\" \/>\n<meta property=\"og:type\" content=\"article\" \/>\n<meta property=\"og:title\" content=\"Cuir | Noir Int\u00e9gral - Wallace Hume\" \/>\n<meta property=\"og:description\" content=\"Full Black watch with Cuir V\u00e9ritable strap. Premium bold Dutch design by Wallace Hume. \u20ac99.95 with free worldwide shipping &amp; 24-month warranty.\" \/>\n<meta property=\"og:url\" content=\"https:\/\/wallacehume.com\/fr\/shop\/cuir-noir-integral\/\" \/>\n<meta property=\"og:site_name\" content=\"Wallace Hume\" \/>\n<meta property=\"article:publisher\" content=\"https:\/\/www.facebook.com\/wallacehume\" \/>\n<meta property=\"og:image\" content=\"https:\/\/wallacehume.com\/wp-content\/uploads\/2026\/02\/FB01LBR-1_sort1-1.jpg\" \/>\n\t<meta property=\"og:image:width\" content=\"700\" \/>\n\t<meta property=\"og:image:height\" content=\"800\" \/>\n\t<meta property=\"og:image:type\" content=\"image\/jpeg\" \/>\n<meta name=\"twitter:card\" content=\"summary_large_image\" \/>\n<meta name=\"twitter:site\" content=\"@wallacehume\" \/>\n<meta name=\"twitter:label1\" content=\"Est. reading time\" \/>\n\t<meta name=\"twitter:data1\" content=\"1 minute\" \/>\n<script type=\"application\/ld+json\" class=\"yoast-schema-graph\">{\"@context\":\"https:\/\/schema.org\",\"@graph\":[{\"@type\":[\"WebPage\",\"FAQPage\"],\"@id\":\"https:\/\/wallacehume.com\/fr\/shop\/cuir-noir-integral\/\",\"url\":\"https:\/\/wallacehume.com\/fr\/shop\/cuir-noir-integral\/\",\"name\":\"Cuir | Noir Int\u00e9gral - Wallace Hume\",\"isPartOf\":{\"@id\":\"https:\/\/wallacehume.com\/#website\"},\"primaryImageOfPage\":{\"@id\":\"https:\/\/wallacehume.com\/fr\/shop\/cuir-noir-integral\/#primaryimage\"},\"image\":{\"@id\":\"https:\/\/wallacehume.com\/fr\/shop\/cuir-noir-integral\/#primaryimage\"},\"thumbnailUrl\":\"https:\/\/wallacehume.com\/wp-content\/uploads\/2026\/02\/FB01LBR-1_sort1-1.jpg\",\"datePublished\":\"2026-03-08T07:02:54+00:00\",\"description\":\"Full Black watch with Cuir V\u00e9ritable strap. Premium bold Dutch design by Wallace Hume. \u20ac99.95 with free worldwide shipping & 24-month warranty.\",\"breadcrumb\":{\"@id\":\"https:\/\/wallacehume.com\/fr\/shop\/cuir-noir-integral\/#breadcrumb\"},\"mainEntity\":[{\"@id\":\"https:\/\/wallacehume.com\/fr\/shop\/cuir-noir-integral\/#faq-bc9cffa7\"},{\"@id\":\"https:\/\/wallacehume.com\/fr\/shop\/cuir-noir-integral\/#faq-098ddba1\"},{\"@id\":\"https:\/\/wallacehume.com\/fr\/shop\/cuir-noir-integral\/#faq-4d858994\"},{\"@id\":\"https:\/\/wallacehume.com\/fr\/shop\/cuir-noir-integral\/#faq-340dde8f\"},{\"@id\":\"https:\/\/wallacehume.com\/fr\/shop\/cuir-noir-integral\/#faq-57fcddc1\"}],\"inLanguage\":\"fr-FR\",\"potentialAction\":[{\"@type\":\"ReadAction\",\"target\":[\"https:\/\/wallacehume.com\/fr\/shop\/cuir-noir-integral\/\"]}]},{\"@type\":\"ImageObject\",\"inLanguage\":\"fr-FR\",\"@id\":\"https:\/\/wallacehume.com\/fr\/shop\/cuir-noir-integral\/#primaryimage\",\"url\":\"https:\/\/wallacehume.com\/wp-content\/uploads\/2026\/02\/FB01LBR-1_sort1-1.jpg\",\"contentUrl\":\"https:\/\/wallacehume.com\/wp-content\/uploads\/2026\/02\/FB01LBR-1_sort1-1.jpg\",\"width\":700,\"height\":800,\"caption\":\"Wallace Hume Leather | Full Black - Premium leather watch strap, Dutch design\"},{\"@type\":\"BreadcrumbList\",\"@id\":\"https:\/\/wallacehume.com\/fr\/shop\/cuir-noir-integral\/#breadcrumb\",\"itemListElement\":[{\"@type\":\"ListItem\",\"position\":1,\"name\":\"Home\",\"item\":\"https:\/\/wallacehume.com\/fr\/le-plaisir-de-vivre\/\"},{\"@type\":\"ListItem\",\"position\":2,\"name\":\"Boutique\",\"item\":\"https:\/\/wallacehume.com\/fr\/shop\/\"},{\"@type\":\"ListItem\",\"position\":3,\"name\":\"Cuir | Noir Int\u00e9gral\"}]},{\"@type\":\"WebSite\",\"@id\":\"https:\/\/wallacehume.com\/#website\",\"url\":\"https:\/\/wallacehume.com\/\",\"name\":\"Wallace Hume\",\"description\":\"The Enjoyment of Life\",\"potentialAction\":[{\"@type\":\"SearchAction\",\"target\":{\"@type\":\"EntryPoint\",\"urlTemplate\":\"https:\/\/wallacehume.com\/?s={search_term_string}\"},\"query-input\":{\"@type\":\"PropertyValueSpecification\",\"valueRequired\":true,\"valueName\":\"search_term_string\"}}],\"inLanguage\":\"fr-FR\"},{\"@type\":\"Question\",\"@id\":\"https:\/\/wallacehume.com\/fr\/shop\/cuir-noir-integral\/#faq-bc9cffa7\",\"position\":1,\"url\":\"https:\/\/wallacehume.com\/fr\/shop\/cuir-noir-integral\/#faq-bc9cffa7\",\"name\":\"Quel mouvement utilise cette montre Wallace Hume ?\",\"answerCount\":1,\"acceptedAnswer\":{\"@type\":\"Answer\",\"text\":\"Toutes les montres Wallace Hume utilisent un mouvement quartz japonais Miyota fiable, garantissant une mesure pr\u00e9cise du temps avec un entretien minimal. La pile dure g\u00e9n\u00e9ralement 2 \u00e0 3 ans.\",\"inLanguage\":\"fr-FR\"},\"inLanguage\":\"fr-FR\"},{\"@type\":\"Question\",\"@id\":\"https:\/\/wallacehume.com\/fr\/shop\/cuir-noir-integral\/#faq-098ddba1\",\"position\":2,\"url\":\"https:\/\/wallacehume.com\/fr\/shop\/cuir-noir-integral\/#faq-098ddba1\",\"name\":\"La montre Wallace Hume est-elle \u00e9tanche ?\",\"answerCount\":1,\"acceptedAnswer\":{\"@type\":\"Answer\",\"text\":\"Oui, toutes les montres Wallace Hume sont \u00e9tanches jusqu&#039;\u00e0 3 ATM (30 m\u00e8tres). Elles r\u00e9sistent \u00e0 la pluie et au lavage des mains, mais ne doivent pas \u00eatre utilis\u00e9es pour la natation ou la plong\u00e9e.\",\"inLanguage\":\"fr-FR\"},\"inLanguage\":\"fr-FR\"},{\"@type\":\"Question\",\"@id\":\"https:\/\/wallacehume.com\/fr\/shop\/cuir-noir-integral\/#faq-4d858994\",\"position\":3,\"url\":\"https:\/\/wallacehume.com\/fr\/shop\/cuir-noir-integral\/#faq-4d858994\",\"name\":\"Puis-je changer le bracelet de ma montre Wallace Hume ?\",\"answerCount\":1,\"acceptedAnswer\":{\"@type\":\"Answer\",\"text\":\"Absolument ! Toutes les montres Wallace Hume disposent d&#039;un syst\u00e8me de barrettes \u00e0 ressort \u00e0 d\u00e9gagement rapide. Vous pouvez passer de l&#039;un de nos 12 coloris de bracelets perlon ou de nos bracelets en cuir premium en quelques secondes, sans aucun outil.\",\"inLanguage\":\"fr-FR\"},\"inLanguage\":\"fr-FR\"},{\"@type\":\"Question\",\"@id\":\"https:\/\/wallacehume.com\/fr\/shop\/cuir-noir-integral\/#faq-340dde8f\",\"position\":4,\"url\":\"https:\/\/wallacehume.com\/fr\/shop\/cuir-noir-integral\/#faq-340dde8f\",\"name\":\"Quelle est la taille du bo\u00eetier d&#039;une montre Wallace Hume ?\",\"answerCount\":1,\"acceptedAnswer\":{\"@type\":\"Answer\",\"text\":\"Les montres Wallace Hume ont un diam\u00e8tre de bo\u00eetier de 40 mm (41 mm avec couronne) et une \u00e9paisseur ultra-fine de 6,5 mm, ce qui en fait l&#039;une des montres minimalistes les plus fines disponibles.\",\"inLanguage\":\"fr-FR\"},\"inLanguage\":\"fr-FR\"},{\"@type\":\"Question\",\"@id\":\"https:\/\/wallacehume.com\/fr\/shop\/cuir-noir-integral\/#faq-57fcddc1\",\"position\":5,\"url\":\"https:\/\/wallacehume.com\/fr\/shop\/cuir-noir-integral\/#faq-57fcddc1\",\"name\":\"Wallace Hume propose-t-il la livraison gratuite ?\",\"answerCount\":1,\"acceptedAnswer\":{\"@type\":\"Answer\",\"text\":\"Oui, Wallace Hume propose la livraison gratuite dans le monde entier sur toutes les commandes. Les montres sont soigneusement emball\u00e9es et livr\u00e9es sous 3 \u00e0 7 jours ouvrables.\",\"inLanguage\":\"fr-FR\"},\"inLanguage\":\"fr-FR\"}]}<\/script>\n<!-- \/ Yoast SEO plugin. -->","yoast_head_json":{"title":"Cuir | Noir Int\u00e9gral - Wallace Hume","description":"Full Black watch with Cuir V\u00e9ritable strap. Premium bold Dutch design by Wallace Hume. \u20ac99.95 with free worldwide shipping & 24-month warranty.","robots":{"index":"index","follow":"follow","max-snippet":"max-snippet:-1","max-image-preview":"max-image-preview:large","max-video-preview":"max-video-preview:-1"},"canonical":"https:\/\/wallacehume.com\/fr\/shop\/cuir-noir-integral\/","og_locale":"fr_FR","og_type":"article","og_title":"Cuir | Noir Int\u00e9gral - Wallace Hume","og_description":"Full Black watch with Cuir V\u00e9ritable strap. Premium bold Dutch design by Wallace Hume. \u20ac99.95 with free worldwide shipping & 24-month warranty.","og_url":"https:\/\/wallacehume.com\/fr\/shop\/cuir-noir-integral\/","og_site_name":"Wallace Hume","article_publisher":"https:\/\/www.facebook.com\/wallacehume","og_image":[{"width":700,"height":800,"url":"https:\/\/wallacehume.com\/wp-content\/uploads\/2026\/02\/FB01LBR-1_sort1-1.jpg","type":"image\/jpeg"}],"twitter_card":"summary_large_image","twitter_site":"@wallacehume","twitter_misc":{"Est. reading time":"1 minute"},"schema":{"@context":"https:\/\/schema.org","@graph":[{"@type":["WebPage","FAQPage"],"@id":"https:\/\/wallacehume.com\/fr\/shop\/cuir-noir-integral\/","url":"https:\/\/wallacehume.com\/fr\/shop\/cuir-noir-integral\/","name":"Cuir | Noir Int\u00e9gral - Wallace Hume","isPartOf":{"@id":"https:\/\/wallacehume.com\/#website"},"primaryImageOfPage":{"@id":"https:\/\/wallacehume.com\/fr\/shop\/cuir-noir-integral\/#primaryimage"},"image":{"@id":"https:\/\/wallacehume.com\/fr\/shop\/cuir-noir-integral\/#primaryimage"},"thumbnailUrl":"https:\/\/wallacehume.com\/wp-content\/uploads\/2026\/02\/FB01LBR-1_sort1-1.jpg","datePublished":"2026-03-08T07:02:54+00:00","description":"Full Black watch with Cuir V\u00e9ritable strap. Premium bold Dutch design by Wallace Hume. \u20ac99.95 with free worldwide shipping & 24-month warranty.","breadcrumb":{"@id":"https:\/\/wallacehume.com\/fr\/shop\/cuir-noir-integral\/#breadcrumb"},"mainEntity":[{"@id":"https:\/\/wallacehume.com\/fr\/shop\/cuir-noir-integral\/#faq-bc9cffa7"},{"@id":"https:\/\/wallacehume.com\/fr\/shop\/cuir-noir-integral\/#faq-098ddba1"},{"@id":"https:\/\/wallacehume.com\/fr\/shop\/cuir-noir-integral\/#faq-4d858994"},{"@id":"https:\/\/wallacehume.com\/fr\/shop\/cuir-noir-integral\/#faq-340dde8f"},{"@id":"https:\/\/wallacehume.com\/fr\/shop\/cuir-noir-integral\/#faq-57fcddc1"}],"inLanguage":"fr-FR","potentialAction":[{"@type":"ReadAction","target":["https:\/\/wallacehume.com\/fr\/shop\/cuir-noir-integral\/"]}]},{"@type":"ImageObject","inLanguage":"fr-FR","@id":"https:\/\/wallacehume.com\/fr\/shop\/cuir-noir-integral\/#primaryimage","url":"https:\/\/wallacehume.com\/wp-content\/uploads\/2026\/02\/FB01LBR-1_sort1-1.jpg","contentUrl":"https:\/\/wallacehume.com\/wp-content\/uploads\/2026\/02\/FB01LBR-1_sort1-1.jpg","width":700,"height":800,"caption":"Wallace Hume Leather | Full Black - Premium leather watch strap, Dutch design"},{"@type":"BreadcrumbList","@id":"https:\/\/wallacehume.com\/fr\/shop\/cuir-noir-integral\/#breadcrumb","itemListElement":[{"@type":"ListItem","position":1,"name":"Home","item":"https:\/\/wallacehume.com\/fr\/le-plaisir-de-vivre\/"},{"@type":"ListItem","position":2,"name":"Boutique","item":"https:\/\/wallacehume.com\/fr\/shop\/"},{"@type":"ListItem","position":3,"name":"Cuir | Noir Int\u00e9gral"}]},{"@type":"WebSite","@id":"https:\/\/wallacehume.com\/#website","url":"https:\/\/wallacehume.com\/","name":"Wallace Hume","description":"The Enjoyment of Life","potentialAction":[{"@type":"SearchAction","target":{"@type":"EntryPoint","urlTemplate":"https:\/\/wallacehume.com\/?s={search_term_string}"},"query-input":{"@type":"PropertyValueSpecification","valueRequired":true,"valueName":"search_term_string"}}],"inLanguage":"fr-FR"},{"@type":"Question","@id":"https:\/\/wallacehume.com\/fr\/shop\/cuir-noir-integral\/#faq-bc9cffa7","position":1,"url":"https:\/\/wallacehume.com\/fr\/shop\/cuir-noir-integral\/#faq-bc9cffa7","name":"Quel mouvement utilise cette montre Wallace Hume ?","answerCount":1,"acceptedAnswer":{"@type":"Answer","text":"Toutes les montres Wallace Hume utilisent un mouvement quartz japonais Miyota fiable, garantissant une mesure pr\u00e9cise du temps avec un entretien minimal. La pile dure g\u00e9n\u00e9ralement 2 \u00e0 3 ans.","inLanguage":"fr-FR"},"inLanguage":"fr-FR"},{"@type":"Question","@id":"https:\/\/wallacehume.com\/fr\/shop\/cuir-noir-integral\/#faq-098ddba1","position":2,"url":"https:\/\/wallacehume.com\/fr\/shop\/cuir-noir-integral\/#faq-098ddba1","name":"La montre Wallace Hume est-elle \u00e9tanche ?","answerCount":1,"acceptedAnswer":{"@type":"Answer","text":"Oui, toutes les montres Wallace Hume sont \u00e9tanches jusqu&#039;\u00e0 3 ATM (30 m\u00e8tres). Elles r\u00e9sistent \u00e0 la pluie et au lavage des mains, mais ne doivent pas \u00eatre utilis\u00e9es pour la natation ou la plong\u00e9e.","inLanguage":"fr-FR"},"inLanguage":"fr-FR"},{"@type":"Question","@id":"https:\/\/wallacehume.com\/fr\/shop\/cuir-noir-integral\/#faq-4d858994","position":3,"url":"https:\/\/wallacehume.com\/fr\/shop\/cuir-noir-integral\/#faq-4d858994","name":"Puis-je changer le bracelet de ma montre Wallace Hume ?","answerCount":1,"acceptedAnswer":{"@type":"Answer","text":"Absolument ! Toutes les montres Wallace Hume disposent d&#039;un syst\u00e8me de barrettes \u00e0 ressort \u00e0 d\u00e9gagement rapide. Vous pouvez passer de l&#039;un de nos 12 coloris de bracelets perlon ou de nos bracelets en cuir premium en quelques secondes, sans aucun outil.","inLanguage":"fr-FR"},"inLanguage":"fr-FR"},{"@type":"Question","@id":"https:\/\/wallacehume.com\/fr\/shop\/cuir-noir-integral\/#faq-340dde8f","position":4,"url":"https:\/\/wallacehume.com\/fr\/shop\/cuir-noir-integral\/#faq-340dde8f","name":"Quelle est la taille du bo\u00eetier d&#039;une montre Wallace Hume ?","answerCount":1,"acceptedAnswer":{"@type":"Answer","text":"Les montres Wallace Hume ont un diam\u00e8tre de bo\u00eetier de 40 mm (41 mm avec couronne) et une \u00e9paisseur ultra-fine de 6,5 mm, ce qui en fait l&#039;une des montres minimalistes les plus fines disponibles.","inLanguage":"fr-FR"},"inLanguage":"fr-FR"},{"@type":"Question","@id":"https:\/\/wallacehume.com\/fr\/shop\/cuir-noir-integral\/#faq-57fcddc1","position":5,"url":"https:\/\/wallacehume.com\/fr\/shop\/cuir-noir-integral\/#faq-57fcddc1","name":"Wallace Hume propose-t-il la livraison gratuite ?","answerCount":1,"acceptedAnswer":{"@type":"Answer","text":"Oui, Wallace Hume propose la livraison gratuite dans le monde entier sur toutes les commandes. Les montres sont soigneusement emball\u00e9es et livr\u00e9es sous 3 \u00e0 7 jours ouvrables.","inLanguage":"fr-FR"},"inLanguage":"fr-FR"}]}},"_links":{"self":[{"href":"https:\/\/wallacehume.com\/fr\/wp-json\/wp\/v2\/product\/32138","targetHints":{"allow":["GET"]}}],"collection":[{"href":"https:\/\/wallacehume.com\/fr\/wp-json\/wp\/v2\/product"}],"about":[{"href":"https:\/\/wallacehume.com\/fr\/wp-json\/wp\/v2\/types\/product"}],"wp:featuredmedia":[{"embeddable":true,"href":"https:\/\/wallacehume.com\/fr\/wp-json\/wp\/v2\/media\/32014"}],"wp:attachment":[{"href":"https:\/\/wallacehume.com\/fr\/wp-json\/wp\/v2\/media?parent=32138"}],"wp:term":[{"taxonomy":"product_brand","embeddable":true,"href":"https:\/\/wallacehume.com\/fr\/wp-json\/wp\/v2\/product_brand?post=32138"},{"taxonomy":"product_cat","embeddable":true,"href":"https:\/\/wallacehume.com\/fr\/wp-json\/wp\/v2\/product_cat?post=32138"},{"taxonomy":"product_tag","embeddable":true,"href":"https:\/\/wallacehume.com\/fr\/wp-json\/wp\/v2\/product_tag?post=32138"}],"curies":[{"name":"wp","href":"https:\/\/api.w.org\/{rel}","templated":true}]}}